{"id":4960,"date":"2018-11-04T06:48:03","date_gmt":"2018-11-04T06:48:03","guid":{"rendered":"http:\/\/www.inesmedina.com\/?page_id=4960"},"modified":"2018-11-05T11:26:45","modified_gmt":"2018-11-05T11:26:45","slug":"series-05-psychoanalytic-meanings-1982-1985","status":"publish","type":"page","link":"https:\/\/www.inesmedina.com\/es\/las-21-series-de-la-investigacion-artistica-el-concepto-de-division\/series-05-psychoanalytic-meanings-1982-1985\/","title":{"rendered":"Serie 05: Significados psicoanal\u00edticos, 1982-1985"},"content":{"rendered":"\n\t\t<style type=\"text\/css\">\n\t\t\t#gallery-2 {\n\t\t\t\tmargin: auto;\n\t\t\t}\n\t\t\t#gallery-2 .gallery-item {\n\t\t\t\tfloat: left;\n\t\t\t\tmargin-top: 10px;\n\t\t\t\ttext-align: center;\n\t\t\t\twidth: 33%;\n\t\t\t}\n\t\t\t#gallery-2 img {\n\t\t\t\tborder: 2px solid #cfcfcf;\n\t\t\t}\n\t\t\t#gallery-2 .gallery-caption {\n\t\t\t\tmargin-left: 0;\n\t\t\t}\n\t\t\t\/* see gallery_shortcode() in wp-includes\/media.php *\/\n\t\t<\/style>\n\t\t<div id='gallery-2' class='gallery galleryid-4960 gallery-columns-3 gallery-size-medium'><dl class='gallery-item'>\n\t\t\t<dt class='gallery-icon portrait'>\n\t\t\t\t<a href='https:\/\/www.inesmedina.com\/wp-content\/uploads\/2018\/07\/05-16.jpg'><img loading=\"lazy\" decoding=\"async\" width=\"199\" height=\"300\" src=\"https:\/\/www.inesmedina.com\/wp-content\/uploads\/2018\/07\/05-16-199x300.jpg\" class=\"attachment-medium size-medium\" alt=\"\" aria-describedby=\"gallery-2-4977\" srcset=\"https:\/\/www.inesmedina.com\/wp-content\/uploads\/2018\/07\/05-16-199x300.jpg 199w, https:\/\/www.inesmedina.com\/wp-content\/uploads\/2018\/07\/05-16.jpg 530w\" sizes=\"auto, (max-width: 199px) 100vw, 199px\" \/><\/a>\n\t\t\t<\/dt>\n\t\t\t\t<dd class='wp-caption-text gallery-caption' id='gallery-2-4977'>\n\t\t\t\t05-01\n\t\t\t\t<\/dd><\/dl><dl class='gallery-item'>\n\t\t\t<dt class='gallery-icon landscape'>\n\t\t\t\t<a href='https:\/\/www.inesmedina.com\/wp-content\/uploads\/2018\/07\/05-02-1.jpg'><img loading=\"lazy\" decoding=\"async\" width=\"300\" height=\"206\" src=\"https:\/\/www.inesmedina.com\/wp-content\/uploads\/2018\/07\/05-02-1-300x206.jpg\" class=\"attachment-medium size-medium\" alt=\"\" aria-describedby=\"gallery-2-4963\" srcset=\"https:\/\/www.inesmedina.com\/wp-content\/uploads\/2018\/07\/05-02-1-300x206.jpg 300w, https:\/\/www.inesmedina.com\/wp-content\/uploads\/2018\/07\/05-02-1-700x481.jpg 700w, https:\/\/www.inesmedina.com\/wp-content\/uploads\/2018\/07\/05-02-1.jpg 726w\" sizes=\"auto, (max-width: 300px) 100vw, 300px\" \/><\/a>\n\t\t\t<\/dt>\n\t\t\t\t<dd class='wp-caption-text gallery-caption' id='gallery-2-4963'>\n\t\t\t\t05-02\n\t\t\t\t<\/dd><\/dl><dl class='gallery-item'>\n\t\t\t<dt class='gallery-icon portrait'>\n\t\t\t\t<a href='https:\/\/www.inesmedina.com\/wp-content\/uploads\/2018\/07\/05-01-1.jpg'><img loading=\"lazy\" decoding=\"async\" width=\"77\" height=\"300\" src=\"https:\/\/www.inesmedina.com\/wp-content\/uploads\/2018\/07\/05-01-1-77x300.jpg\" class=\"attachment-medium size-medium\" alt=\"\" aria-describedby=\"gallery-2-4962\" \/><\/a>\n\t\t\t<\/dt>\n\t\t\t\t<dd class='wp-caption-text gallery-caption' id='gallery-2-4962'>\n\t\t\t\t05-03\n\t\t\t\t<\/dd><\/dl><br style=\"clear: both\" \/><dl class='gallery-item'>\n\t\t\t<dt class='gallery-icon portrait'>\n\t\t\t\t<a href='https:\/\/www.inesmedina.com\/wp-content\/uploads\/2018\/07\/05-03-1.jpg'><img loading=\"lazy\" decoding=\"async\" width=\"235\" height=\"300\" src=\"https:\/\/www.inesmedina.com\/wp-content\/uploads\/2018\/07\/05-03-1-235x300.jpg\" class=\"attachment-medium size-medium\" alt=\"\" aria-describedby=\"gallery-2-4964\" srcset=\"https:\/\/www.inesmedina.com\/wp-content\/uploads\/2018\/07\/05-03-1-235x300.jpg 235w, https:\/\/www.inesmedina.com\/wp-content\/uploads\/2018\/07\/05-03-1.jpg 627w\" sizes=\"auto, (max-width: 235px) 100vw, 235px\" \/><\/a>\n\t\t\t<\/dt>\n\t\t\t\t<dd class='wp-caption-text gallery-caption' id='gallery-2-4964'>\n\t\t\t\t05-04\n\t\t\t\t<\/dd><\/dl><dl class='gallery-item'>\n\t\t\t<dt class='gallery-icon portrait'>\n\t\t\t\t<a href='https:\/\/www.inesmedina.com\/wp-content\/uploads\/2018\/07\/05-07-1.jpg'><img loading=\"lazy\" decoding=\"async\" width=\"224\" height=\"300\" src=\"https:\/\/www.inesmedina.com\/wp-content\/uploads\/2018\/07\/05-07-1-224x300.jpg\" class=\"attachment-medium size-medium\" alt=\"\" aria-describedby=\"gallery-2-4968\" srcset=\"https:\/\/www.inesmedina.com\/wp-content\/uploads\/2018\/07\/05-07-1-224x300.jpg 224w, https:\/\/www.inesmedina.com\/wp-content\/uploads\/2018\/07\/05-07-1.jpg 598w\" sizes=\"auto, (max-width: 224px) 100vw, 224px\" \/><\/a>\n\t\t\t<\/dt>\n\t\t\t\t<dd class='wp-caption-text gallery-caption' id='gallery-2-4968'>\n\t\t\t\t05-05\n\t\t\t\t<\/dd><\/dl><dl class='gallery-item'>\n\t\t\t<dt class='gallery-icon portrait'>\n\t\t\t\t<a href='https:\/\/www.inesmedina.com\/wp-content\/uploads\/2018\/07\/05-05-1.jpg'><img loading=\"lazy\" decoding=\"async\" width=\"236\" height=\"300\" src=\"https:\/\/www.inesmedina.com\/wp-content\/uploads\/2018\/07\/05-05-1-236x300.jpg\" class=\"attachment-medium size-medium\" alt=\"\" aria-describedby=\"gallery-2-4966\" srcset=\"https:\/\/www.inesmedina.com\/wp-content\/uploads\/2018\/07\/05-05-1-236x300.jpg 236w, https:\/\/www.inesmedina.com\/wp-content\/uploads\/2018\/07\/05-05-1-768x975.jpg 768w, https:\/\/www.inesmedina.com\/wp-content\/uploads\/2018\/07\/05-05-1-807x1024.jpg 807w, https:\/\/www.inesmedina.com\/wp-content\/uploads\/2018\/07\/05-05-1-700x888.jpg 700w\" sizes=\"auto, (max-width: 236px) 100vw, 236px\" \/><\/a>\n\t\t\t<\/dt>\n\t\t\t\t<dd class='wp-caption-text gallery-caption' id='gallery-2-4966'>\n\t\t\t\t05-06\n\t\t\t\t<\/dd><\/dl><br style=\"clear: both\" \/><dl class='gallery-item'>\n\t\t\t<dt class='gallery-icon portrait'>\n\t\t\t\t<a href='https:\/\/www.inesmedina.com\/wp-content\/uploads\/2018\/07\/05-10-1.jpg'><img loading=\"lazy\" decoding=\"async\" width=\"211\" height=\"300\" src=\"https:\/\/www.inesmedina.com\/wp-content\/uploads\/2018\/07\/05-10-1-211x300.jpg\" class=\"attachment-medium size-medium\" alt=\"\" aria-describedby=\"gallery-2-4971\" srcset=\"https:\/\/www.inesmedina.com\/wp-content\/uploads\/2018\/07\/05-10-1-211x300.jpg 211w, https:\/\/www.inesmedina.com\/wp-content\/uploads\/2018\/07\/05-10-1-768x1092.jpg 768w, https:\/\/www.inesmedina.com\/wp-content\/uploads\/2018\/07\/05-10-1-720x1024.jpg 720w, https:\/\/www.inesmedina.com\/wp-content\/uploads\/2018\/07\/05-10-1-700x995.jpg 700w, https:\/\/www.inesmedina.com\/wp-content\/uploads\/2018\/07\/05-10-1.jpg 800w\" sizes=\"auto, (max-width: 211px) 100vw, 211px\" \/><\/a>\n\t\t\t<\/dt>\n\t\t\t\t<dd class='wp-caption-text gallery-caption' id='gallery-2-4971'>\n\t\t\t\t05-07\n\t\t\t\t<\/dd><\/dl><dl class='gallery-item'>\n\t\t\t<dt class='gallery-icon landscape'>\n\t\t\t\t<a href='https:\/\/www.inesmedina.com\/wp-content\/uploads\/2018\/07\/05-09-1.jpg'><img loading=\"lazy\" decoding=\"async\" width=\"300\" height=\"205\" src=\"https:\/\/www.inesmedina.com\/wp-content\/uploads\/2018\/07\/05-09-1-300x205.jpg\" class=\"attachment-medium size-medium\" alt=\"\" aria-describedby=\"gallery-2-4970\" srcset=\"https:\/\/www.inesmedina.com\/wp-content\/uploads\/2018\/07\/05-09-1-300x205.jpg 300w, https:\/\/www.inesmedina.com\/wp-content\/uploads\/2018\/07\/05-09-1-768x526.jpg 768w, https:\/\/www.inesmedina.com\/wp-content\/uploads\/2018\/07\/05-09-1-700x479.jpg 700w, https:\/\/www.inesmedina.com\/wp-content\/uploads\/2018\/07\/05-09-1.jpg 789w\" sizes=\"auto, (max-width: 300px) 100vw, 300px\" \/><\/a>\n\t\t\t<\/dt>\n\t\t\t\t<dd class='wp-caption-text gallery-caption' id='gallery-2-4970'>\n\t\t\t\t05-08\n\t\t\t\t<\/dd><\/dl><dl class='gallery-item'>\n\t\t\t<dt class='gallery-icon portrait'>\n\t\t\t\t<a href='https:\/\/www.inesmedina.com\/wp-content\/uploads\/2018\/07\/05-11-1.jpg'><img loading=\"lazy\" decoding=\"async\" width=\"207\" height=\"300\" src=\"https:\/\/www.inesmedina.com\/wp-content\/uploads\/2018\/07\/05-11-1-207x300.jpg\" class=\"attachment-medium size-medium\" alt=\"\" aria-describedby=\"gallery-2-4972\" srcset=\"https:\/\/www.inesmedina.com\/wp-content\/uploads\/2018\/07\/05-11-1-207x300.jpg 207w, https:\/\/www.inesmedina.com\/wp-content\/uploads\/2018\/07\/05-11-1.jpg 552w\" sizes=\"auto, (max-width: 207px) 100vw, 207px\" \/><\/a>\n\t\t\t<\/dt>\n\t\t\t\t<dd class='wp-caption-text gallery-caption' id='gallery-2-4972'>\n\t\t\t\t05-09\n\t\t\t\t<\/dd><\/dl><br style=\"clear: both\" \/><dl class='gallery-item'>\n\t\t\t<dt class='gallery-icon portrait'>\n\t\t\t\t<a href='https:\/\/www.inesmedina.com\/wp-content\/uploads\/2018\/07\/05-12-1.jpg'><img loading=\"lazy\" decoding=\"async\" width=\"206\" height=\"300\" src=\"https:\/\/www.inesmedina.com\/wp-content\/uploads\/2018\/07\/05-12-1-206x300.jpg\" class=\"attachment-medium size-medium\" alt=\"\" aria-describedby=\"gallery-2-4973\" srcset=\"https:\/\/www.inesmedina.com\/wp-content\/uploads\/2018\/07\/05-12-1-206x300.jpg 206w, https:\/\/www.inesmedina.com\/wp-content\/uploads\/2018\/07\/05-12-1.jpg 549w\" sizes=\"auto, (max-width: 206px) 100vw, 206px\" \/><\/a>\n\t\t\t<\/dt>\n\t\t\t\t<dd class='wp-caption-text gallery-caption' id='gallery-2-4973'>\n\t\t\t\t05-10\n\t\t\t\t<\/dd><\/dl><dl class='gallery-item'>\n\t\t\t<dt class='gallery-icon portrait'>\n\t\t\t\t<a href='https:\/\/www.inesmedina.com\/wp-content\/uploads\/2018\/07\/05-13-1.jpg'><img loading=\"lazy\" decoding=\"async\" width=\"116\" height=\"300\" src=\"https:\/\/www.inesmedina.com\/wp-content\/uploads\/2018\/07\/05-13-1-116x300.jpg\" class=\"attachment-medium size-medium\" alt=\"\" aria-describedby=\"gallery-2-4974\" srcset=\"https:\/\/www.inesmedina.com\/wp-content\/uploads\/2018\/07\/05-13-1-116x300.jpg 116w, https:\/\/www.inesmedina.com\/wp-content\/uploads\/2018\/07\/05-13-1.jpg 308w\" sizes=\"auto, (max-width: 116px) 100vw, 116px\" \/><\/a>\n\t\t\t<\/dt>\n\t\t\t\t<dd class='wp-caption-text gallery-caption' id='gallery-2-4974'>\n\t\t\t\t05-11\n\t\t\t\t<\/dd><\/dl><dl class='gallery-item'>\n\t\t\t<dt class='gallery-icon portrait'>\n\t\t\t\t<a href='https:\/\/www.inesmedina.com\/wp-content\/uploads\/2018\/07\/05-14-1.jpg'><img loading=\"lazy\" decoding=\"async\" width=\"242\" height=\"300\" src=\"https:\/\/www.inesmedina.com\/wp-content\/uploads\/2018\/07\/05-14-1-242x300.jpg\" class=\"attachment-medium size-medium\" alt=\"\" aria-describedby=\"gallery-2-4975\" srcset=\"https:\/\/www.inesmedina.com\/wp-content\/uploads\/2018\/07\/05-14-1-242x300.jpg 242w, https:\/\/www.inesmedina.com\/wp-content\/uploads\/2018\/07\/05-14-1.jpg 645w\" sizes=\"auto, (max-width: 242px) 100vw, 242px\" \/><\/a>\n\t\t\t<\/dt>\n\t\t\t\t<dd class='wp-caption-text gallery-caption' id='gallery-2-4975'>\n\t\t\t\t05-12\n\t\t\t\t<\/dd><\/dl><br style=\"clear: both\" \/><dl class='gallery-item'>\n\t\t\t<dt class='gallery-icon portrait'>\n\t\t\t\t<a href='https:\/\/www.inesmedina.com\/wp-content\/uploads\/2018\/07\/05-15.jpg'><img loading=\"lazy\" decoding=\"async\" width=\"223\" height=\"300\" src=\"https:\/\/www.inesmedina.com\/wp-content\/uploads\/2018\/07\/05-15-223x300.jpg\" class=\"attachment-medium size-medium\" alt=\"\" aria-describedby=\"gallery-2-4976\" srcset=\"https:\/\/www.inesmedina.com\/wp-content\/uploads\/2018\/07\/05-15-223x300.jpg 223w, https:\/\/www.inesmedina.com\/wp-content\/uploads\/2018\/07\/05-15.jpg 595w\" sizes=\"auto, (max-width: 223px) 100vw, 223px\" \/><\/a>\n\t\t\t<\/dt>\n\t\t\t\t<dd class='wp-caption-text gallery-caption' id='gallery-2-4976'>\n\t\t\t\t05-13\n\t\t\t\t<\/dd><\/dl><dl class='gallery-item'>\n\t\t\t<dt class='gallery-icon landscape'>\n\t\t\t\t<a href='https:\/\/www.inesmedina.com\/wp-content\/uploads\/2018\/07\/05-04-1.jpg'><img loading=\"lazy\" decoding=\"async\" width=\"300\" height=\"179\" src=\"https:\/\/www.inesmedina.com\/wp-content\/uploads\/2018\/07\/05-04-1-300x179.jpg\" class=\"attachment-medium size-medium\" alt=\"\" aria-describedby=\"gallery-2-4965\" srcset=\"https:\/\/www.inesmedina.com\/wp-content\/uploads\/2018\/07\/05-04-1-300x179.jpg 300w, https:\/\/www.inesmedina.com\/wp-content\/uploads\/2018\/07\/05-04-1-768x457.jpg 768w, https:\/\/www.inesmedina.com\/wp-content\/uploads\/2018\/07\/05-04-1.jpg 800w, https:\/\/www.inesmedina.com\/wp-content\/uploads\/2018\/07\/05-04-1-700x417.jpg 700w\" sizes=\"auto, (max-width: 300px) 100vw, 300px\" \/><\/a>\n\t\t\t<\/dt>\n\t\t\t\t<dd class='wp-caption-text gallery-caption' id='gallery-2-4965'>\n\t\t\t\t05-14\n\t\t\t\t<\/dd><\/dl><dl class='gallery-item'>\n\t\t\t<dt class='gallery-icon portrait'>\n\t\t\t\t<a href='https:\/\/www.inesmedina.com\/wp-content\/uploads\/2018\/07\/05-06-1.jpg'><img loading=\"lazy\" decoding=\"async\" width=\"208\" height=\"300\" src=\"https:\/\/www.inesmedina.com\/wp-content\/uploads\/2018\/07\/05-06-1-208x300.jpg\" class=\"attachment-medium size-medium\" alt=\"\" aria-describedby=\"gallery-2-4967\" srcset=\"https:\/\/www.inesmedina.com\/wp-content\/uploads\/2018\/07\/05-06-1-208x300.jpg 208w, https:\/\/www.inesmedina.com\/wp-content\/uploads\/2018\/07\/05-06-1.jpg 550w\" sizes=\"auto, (max-width: 208px) 100vw, 208px\" \/><\/a>\n\t\t\t<\/dt>\n\t\t\t\t<dd class='wp-caption-text gallery-caption' id='gallery-2-4967'>\n\t\t\t\t05-15\n\t\t\t\t<\/dd><\/dl><br style=\"clear: both\" \/><dl class='gallery-item'>\n\t\t\t<dt class='gallery-icon portrait'>\n\t\t\t\t<a href='https:\/\/www.inesmedina.com\/wp-content\/uploads\/2018\/07\/05-08-1.jpg'><img loading=\"lazy\" decoding=\"async\" width=\"242\" height=\"300\" src=\"https:\/\/www.inesmedina.com\/wp-content\/uploads\/2018\/07\/05-08-1-242x300.jpg\" class=\"attachment-medium size-medium\" alt=\"\" aria-describedby=\"gallery-2-4969\" srcset=\"https:\/\/www.inesmedina.com\/wp-content\/uploads\/2018\/07\/05-08-1-242x300.jpg 242w, https:\/\/www.inesmedina.com\/wp-content\/uploads\/2018\/07\/05-08-1.jpg 644w\" sizes=\"auto, (max-width: 242px) 100vw, 242px\" \/><\/a>\n\t\t\t<\/dt>\n\t\t\t\t<dd class='wp-caption-text gallery-caption' id='gallery-2-4969'>\n\t\t\t\t05-16\n\t\t\t\t<\/dd><\/dl>\n\t\t\t<br style='clear: both' \/>\n\t\t<\/div>\n\n<p>Serie 05: Significados psicoanal\u00edticos, 1982-1985<\/p>\n<p>Sin duda alguna, este periodo de tiempo ha sido el m\u00e1s duro de mi vida. Me enfrent\u00e9 sola, con la ayuda de un psicoan\u00e1lisis freudiano de varias sesiones semanales, a situaciones personales y familiares muy dif\u00edciles, lo que sin ninguna duda activ\u00f3 y ayud\u00f3 much\u00edsimo a fomentar una creatividad siempre permanente, a flor de piel o de mente, como se quiera decir. Sue\u00f1os, im\u00e1genes, sentimientos profundos que aparec\u00edan insistentemente en el papel, en la tela. La necesidad de dibujar como un acto natural, expresivo, directo, se inici\u00f3 con estas series y no he parado desde entonces. El dibujar se convirti\u00f3 para m\u00ed en un acto diario expresivo muy valioso y vital; semilla germinada de la obra desarrollada posteriormente en soportes mayores.<\/p>\n<p>Volv\u00ed a la pintura por elecci\u00f3n muy consciente y meditada. Constru\u00eda las im\u00e1genes, \u201cechando\u201d con las manos el pigmento puro y tierras naturales sobre los lienzos, y lo fi jaba pulverizando l\u00e1tex diluido. Mi necesidad de aquel momento era la de un contacto muy directo con la materia, el pigmento, la tierra, y realizar la expresi\u00f3n de la imagen como si de un rito primitivo se tratara. De la construcci\u00f3n de la imagen con el puro pigmento, me fui pasando a la t\u00e9cnica de la t\u00e9mpera natural al huevo y de \u00e9sta, al \u00f3leo.<\/p>\n<p>Dibujos, pinturas con pigmentos, t\u00e9mpera natural al huevo u \u00f3leos, son im\u00e1genes de contenidos psicoanal\u00edticos, producto del an\u00e1lisis interno al que me somet\u00ed a lo largo de nueve a\u00f1os. Esta serie, corresponde aproximadamente a los 4 primeros de los 9 a\u00f1os del an\u00e1lisis psicoanal\u00edtico realizado con el Doctor Jos\u00e9 de Miguel.<\/p>\n<p>Enfrentamiento con el concepto de Divisi\u00f3n Pl\u00e1stica. Energ\u00eda Pl\u00e1stica Pura. Abstracci\u00f3n Geom\u00e9trica Constructiva s\u00f3lo con los elementos b\u00e1sicos formales: color primario y planos rectos vertical y horizontal. 1983-1995 B\u00fasqueda de lo que ya en aquel momento denomino Energ\u00eda Pl\u00e1stica Pura. Inicio del uso del ordenador como herramienta de an\u00e1lisis, medida y c\u00e1lculo. Inicio de la Tesis Doctoral, inscrita y figurando como Director de la misma, el Dr. Joan Sureda, y cuyo t\u00edtulo es: \u201cExperimentaci\u00f3n, an\u00e1lisis y defi nici\u00f3n del concepto de Energ\u00eda Pura como elemento estructural de la composici\u00f3n, a trav\u00e9s de im\u00e1genes realizadas por ordenador\u201d. Ser\u00eda m\u00e1s tarde cuando a\u00f1adir\u00eda al t\u00edtulo: \u201cEl Concepto de Divisi\u00f3n Pl\u00e1stica\u201d.<\/p>\n<p>Uno de los bloques m\u00e1s compactos de mi creaci\u00f3n art\u00edstica, el cual me llev\u00f3 aproximadamente 12 a\u00f1os de intensa investigaci\u00f3n pl\u00e1stica, tanto a nivel pr\u00e1ctico \u2013pintando con t\u00e9cnicas y soportes convencionales y analizando con ordenadores\u2013 como a nivel te\u00f3rico. De hecho todas mis exposiciones eran presentadas con un escrito te\u00f3rico en el cat\u00e1logo, explicando el proceso de su ejecuci\u00f3n. Pertenecen a este bloque investigativo las series: \u201cImagen Potencial\u201d, \u201cLa Tensi\u00f3n din\u00e1mica en la pintura\u201d, \u201cDe los L\u00edmites y sus productos\u201d, \u201cDespegue, \u00f3 Liberaci\u00f3n Emocional Femenina\u201d con sus apartados de: \u201cAeropuerto\u201d, \u201cEntidades\u201d, \u201cCulpa\u201d, \u201cDoble Ortogonalidad\u201d y \u201cMultidimensionalidad\u201d.<\/p>\n<p align=\"justify\">\n","protected":false},"excerpt":{"rendered":"<p>Serie 05: Significados psicoanal\u00edticos, 1982-1985 Sin duda alguna, este periodo de tiempo ha sido el m\u00e1s duro de mi vida. Me enfrent\u00e9 sola, con la ayuda de un psicoan\u00e1lisis freudiano de varias sesiones semanales, a situaciones personales y familiares muy dif\u00edciles, lo que sin ninguna&#8230;<\/p>\n","protected":false},"author":2,"featured_media":0,"parent":4859,"menu_order":0,"comment_status":"open","ping_status":"open","template":"","meta":{"footnotes":""},"class_list":["post-4960","page","type-page","status-publish","hentry"],"_links":{"self":[{"href":"https:\/\/www.inesmedina.com\/es\/wp-json\/wp\/v2\/pages\/4960","targetHints":{"allow":["GET"]}}],"collection":[{"href":"https:\/\/www.inesmedina.com\/es\/wp-json\/wp\/v2\/pages"}],"about":[{"href":"https:\/\/www.inesmedina.com\/es\/wp-json\/wp\/v2\/types\/page"}],"author":[{"embeddable":true,"href":"https:\/\/www.inesmedina.com\/es\/wp-json\/wp\/v2\/users\/2"}],"replies":[{"embeddable":true,"href":"https:\/\/www.inesmedina.com\/es\/wp-json\/wp\/v2\/comments?post=4960"}],"version-history":[{"count":3,"href":"https:\/\/www.inesmedina.com\/es\/wp-json\/wp\/v2\/pages\/4960\/revisions"}],"predecessor-version":[{"id":5813,"href":"https:\/\/www.inesmedina.com\/es\/wp-json\/wp\/v2\/pages\/4960\/revisions\/5813"}],"up":[{"embeddable":true,"href":"https:\/\/www.inesmedina.com\/es\/wp-json\/wp\/v2\/pages\/4859"}],"wp:attachment":[{"href":"https:\/\/www.inesmedina.com\/es\/wp-json\/wp\/v2\/media?parent=4960"}],"curies":[{"name":"wp","href":"https:\/\/api.w.org\/{rel}","templated":true}]}}