{"id":5003,"date":"2018-11-04T06:52:43","date_gmt":"2018-11-04T06:52:43","guid":{"rendered":"http:\/\/www.inesmedina.com\/?page_id=5003"},"modified":"2018-11-05T11:47:15","modified_gmt":"2018-11-05T11:47:15","slug":"series-07-of-limits-and-their-products-the-forge-of-the-soul-1991-1992","status":"publish","type":"page","link":"https:\/\/www.inesmedina.com\/es\/las-21-series-de-la-investigacion-artistica-el-concepto-de-division\/series-07-of-limits-and-their-products-the-forge-of-the-soul-1991-1992\/","title":{"rendered":"Serie 07: De los l\u00edmites y sus productos. La forja del alma, 1991-1992"},"content":{"rendered":"\n\t\t<style type=\"text\/css\">\n\t\t\t#gallery-2 {\n\t\t\t\tmargin: auto;\n\t\t\t}\n\t\t\t#gallery-2 .gallery-item {\n\t\t\t\tfloat: left;\n\t\t\t\tmargin-top: 10px;\n\t\t\t\ttext-align: center;\n\t\t\t\twidth: 33%;\n\t\t\t}\n\t\t\t#gallery-2 img {\n\t\t\t\tborder: 2px solid #cfcfcf;\n\t\t\t}\n\t\t\t#gallery-2 .gallery-caption {\n\t\t\t\tmargin-left: 0;\n\t\t\t}\n\t\t\t\/* see gallery_shortcode() in wp-includes\/media.php *\/\n\t\t<\/style>\n\t\t<div id='gallery-2' class='gallery galleryid-5003 gallery-columns-3 gallery-size-medium'><dl class='gallery-item'>\n\t\t\t<dt class='gallery-icon portrait'>\n\t\t\t\t<a href='https:\/\/www.inesmedina.com\/wp-content\/uploads\/2018\/07\/07-02-1.jpg'><img loading=\"lazy\" decoding=\"async\" width=\"300\" height=\"300\" src=\"https:\/\/www.inesmedina.com\/wp-content\/uploads\/2018\/07\/07-02-1-300x300.jpg\" class=\"attachment-medium size-medium\" alt=\"\" aria-describedby=\"gallery-2-5006\" srcset=\"https:\/\/www.inesmedina.com\/wp-content\/uploads\/2018\/07\/07-02-1-300x300.jpg 300w, https:\/\/www.inesmedina.com\/wp-content\/uploads\/2018\/07\/07-02-1-150x150.jpg 150w, https:\/\/www.inesmedina.com\/wp-content\/uploads\/2018\/07\/07-02-1-768x771.jpg 768w, https:\/\/www.inesmedina.com\/wp-content\/uploads\/2018\/07\/07-02-1-570x570.jpg 570w, https:\/\/www.inesmedina.com\/wp-content\/uploads\/2018\/07\/07-02-1-500x500.jpg 500w, https:\/\/www.inesmedina.com\/wp-content\/uploads\/2018\/07\/07-02-1-700x703.jpg 700w, https:\/\/www.inesmedina.com\/wp-content\/uploads\/2018\/07\/07-02-1.jpg 797w\" sizes=\"auto, (max-width: 300px) 100vw, 300px\" \/><\/a>\n\t\t\t<\/dt>\n\t\t\t\t<dd class='wp-caption-text gallery-caption' id='gallery-2-5006'>\n\t\t\t\t07-01\n\t\t\t\t<\/dd><\/dl><dl class='gallery-item'>\n\t\t\t<dt class='gallery-icon landscape'>\n\t\t\t\t<a href='https:\/\/www.inesmedina.com\/wp-content\/uploads\/2018\/07\/07-01-1.jpg'><img loading=\"lazy\" decoding=\"async\" width=\"300\" height=\"225\" src=\"https:\/\/www.inesmedina.com\/wp-content\/uploads\/2018\/07\/07-01-1-300x225.jpg\" class=\"attachment-medium size-medium\" alt=\"\" aria-describedby=\"gallery-2-5005\" srcset=\"https:\/\/www.inesmedina.com\/wp-content\/uploads\/2018\/07\/07-01-1-300x225.jpg 300w, https:\/\/www.inesmedina.com\/wp-content\/uploads\/2018\/07\/07-01-1-768x575.jpg 768w, https:\/\/www.inesmedina.com\/wp-content\/uploads\/2018\/07\/07-01-1.jpg 800w, https:\/\/www.inesmedina.com\/wp-content\/uploads\/2018\/07\/07-01-1-700x524.jpg 700w\" sizes=\"auto, (max-width: 300px) 100vw, 300px\" \/><\/a>\n\t\t\t<\/dt>\n\t\t\t\t<dd class='wp-caption-text gallery-caption' id='gallery-2-5005'>\n\t\t\t\t07-02\n\t\t\t\t<\/dd><\/dl><dl class='gallery-item'>\n\t\t\t<dt class='gallery-icon portrait'>\n\t\t\t\t<a href='https:\/\/www.inesmedina.com\/wp-content\/uploads\/2018\/07\/07-03-1.jpg'><img loading=\"lazy\" decoding=\"async\" width=\"300\" height=\"300\" src=\"https:\/\/www.inesmedina.com\/wp-content\/uploads\/2018\/07\/07-03-1-300x300.jpg\" class=\"attachment-medium size-medium\" alt=\"\" aria-describedby=\"gallery-2-5007\" srcset=\"https:\/\/www.inesmedina.com\/wp-content\/uploads\/2018\/07\/07-03-1-300x300.jpg 300w, https:\/\/www.inesmedina.com\/wp-content\/uploads\/2018\/07\/07-03-1-150x150.jpg 150w, https:\/\/www.inesmedina.com\/wp-content\/uploads\/2018\/07\/07-03-1-768x770.jpg 768w, https:\/\/www.inesmedina.com\/wp-content\/uploads\/2018\/07\/07-03-1-570x570.jpg 570w, https:\/\/www.inesmedina.com\/wp-content\/uploads\/2018\/07\/07-03-1-500x500.jpg 500w, https:\/\/www.inesmedina.com\/wp-content\/uploads\/2018\/07\/07-03-1-700x702.jpg 700w, https:\/\/www.inesmedina.com\/wp-content\/uploads\/2018\/07\/07-03-1.jpg 798w\" sizes=\"auto, (max-width: 300px) 100vw, 300px\" \/><\/a>\n\t\t\t<\/dt>\n\t\t\t\t<dd class='wp-caption-text gallery-caption' id='gallery-2-5007'>\n\t\t\t\t07-03\n\t\t\t\t<\/dd><\/dl><br style=\"clear: both\" \/><dl class='gallery-item'>\n\t\t\t<dt class='gallery-icon portrait'>\n\t\t\t\t<a href='https:\/\/www.inesmedina.com\/wp-content\/uploads\/2018\/07\/07-04-1.jpg'><img loading=\"lazy\" decoding=\"async\" width=\"244\" height=\"300\" src=\"https:\/\/www.inesmedina.com\/wp-content\/uploads\/2018\/07\/07-04-1-244x300.jpg\" class=\"attachment-medium size-medium\" alt=\"\" aria-describedby=\"gallery-2-5008\" srcset=\"https:\/\/www.inesmedina.com\/wp-content\/uploads\/2018\/07\/07-04-1-244x300.jpg 244w, https:\/\/www.inesmedina.com\/wp-content\/uploads\/2018\/07\/07-04-1.jpg 651w\" sizes=\"auto, (max-width: 244px) 100vw, 244px\" \/><\/a>\n\t\t\t<\/dt>\n\t\t\t\t<dd class='wp-caption-text gallery-caption' id='gallery-2-5008'>\n\t\t\t\t07-04\n\t\t\t\t<\/dd><\/dl><dl class='gallery-item'>\n\t\t\t<dt class='gallery-icon portrait'>\n\t\t\t\t<a href='https:\/\/www.inesmedina.com\/wp-content\/uploads\/2018\/07\/07-05-1.jpg'><img loading=\"lazy\" decoding=\"async\" width=\"203\" height=\"300\" src=\"https:\/\/www.inesmedina.com\/wp-content\/uploads\/2018\/07\/07-05-1-203x300.jpg\" class=\"attachment-medium size-medium\" alt=\"\" aria-describedby=\"gallery-2-5009\" srcset=\"https:\/\/www.inesmedina.com\/wp-content\/uploads\/2018\/07\/07-05-1-203x300.jpg 203w, https:\/\/www.inesmedina.com\/wp-content\/uploads\/2018\/07\/07-05-1.jpg 541w\" sizes=\"auto, (max-width: 203px) 100vw, 203px\" \/><\/a>\n\t\t\t<\/dt>\n\t\t\t\t<dd class='wp-caption-text gallery-caption' id='gallery-2-5009'>\n\t\t\t\t07-05\n\t\t\t\t<\/dd><\/dl><dl class='gallery-item'>\n\t\t\t<dt class='gallery-icon portrait'>\n\t\t\t\t<a href='https:\/\/www.inesmedina.com\/wp-content\/uploads\/2018\/07\/07-06-1.jpg'><img loading=\"lazy\" decoding=\"async\" width=\"214\" height=\"300\" src=\"https:\/\/www.inesmedina.com\/wp-content\/uploads\/2018\/07\/07-06-1-214x300.jpg\" class=\"attachment-medium size-medium\" alt=\"\" aria-describedby=\"gallery-2-5010\" srcset=\"https:\/\/www.inesmedina.com\/wp-content\/uploads\/2018\/07\/07-06-1-214x300.jpg 214w, https:\/\/www.inesmedina.com\/wp-content\/uploads\/2018\/07\/07-06-1.jpg 571w\" sizes=\"auto, (max-width: 214px) 100vw, 214px\" \/><\/a>\n\t\t\t<\/dt>\n\t\t\t\t<dd class='wp-caption-text gallery-caption' id='gallery-2-5010'>\n\t\t\t\t07-06\n\t\t\t\t<\/dd><\/dl><br style=\"clear: both\" \/><dl class='gallery-item'>\n\t\t\t<dt class='gallery-icon landscape'>\n\t\t\t\t<a href='https:\/\/www.inesmedina.com\/wp-content\/uploads\/2018\/07\/07-08-1.jpg'><img loading=\"lazy\" decoding=\"async\" width=\"300\" height=\"119\" src=\"https:\/\/www.inesmedina.com\/wp-content\/uploads\/2018\/07\/07-08-1-300x119.jpg\" class=\"attachment-medium size-medium\" alt=\"\" aria-describedby=\"gallery-2-5012\" srcset=\"https:\/\/www.inesmedina.com\/wp-content\/uploads\/2018\/07\/07-08-1-300x119.jpg 300w, https:\/\/www.inesmedina.com\/wp-content\/uploads\/2018\/07\/07-08-1-768x303.jpg 768w, https:\/\/www.inesmedina.com\/wp-content\/uploads\/2018\/07\/07-08-1.jpg 800w, https:\/\/www.inesmedina.com\/wp-content\/uploads\/2018\/07\/07-08-1-700x277.jpg 700w\" sizes=\"auto, (max-width: 300px) 100vw, 300px\" \/><\/a>\n\t\t\t<\/dt>\n\t\t\t\t<dd class='wp-caption-text gallery-caption' id='gallery-2-5012'>\n\t\t\t\t07-07\n\t\t\t\t<\/dd><\/dl><dl class='gallery-item'>\n\t\t\t<dt class='gallery-icon landscape'>\n\t\t\t\t<a href='https:\/\/www.inesmedina.com\/wp-content\/uploads\/2018\/07\/07-09-1.jpg'><img loading=\"lazy\" decoding=\"async\" width=\"300\" height=\"78\" src=\"https:\/\/www.inesmedina.com\/wp-content\/uploads\/2018\/07\/07-09-1-300x78.jpg\" class=\"attachment-medium size-medium\" alt=\"\" aria-describedby=\"gallery-2-5013\" srcset=\"https:\/\/www.inesmedina.com\/wp-content\/uploads\/2018\/07\/07-09-1-300x78.jpg 300w, https:\/\/www.inesmedina.com\/wp-content\/uploads\/2018\/07\/07-09-1-768x201.jpg 768w, https:\/\/www.inesmedina.com\/wp-content\/uploads\/2018\/07\/07-09-1.jpg 800w, https:\/\/www.inesmedina.com\/wp-content\/uploads\/2018\/07\/07-09-1-700x183.jpg 700w\" sizes=\"auto, (max-width: 300px) 100vw, 300px\" \/><\/a>\n\t\t\t<\/dt>\n\t\t\t\t<dd class='wp-caption-text gallery-caption' id='gallery-2-5013'>\n\t\t\t\t07-08\n\t\t\t\t<\/dd><\/dl><dl class='gallery-item'>\n\t\t\t<dt class='gallery-icon portrait'>\n\t\t\t\t<a href='https:\/\/www.inesmedina.com\/wp-content\/uploads\/2018\/07\/07-10-1.jpg'><img loading=\"lazy\" decoding=\"async\" width=\"55\" height=\"300\" src=\"https:\/\/www.inesmedina.com\/wp-content\/uploads\/2018\/07\/07-10-1-55x300.jpg\" class=\"attachment-medium size-medium\" alt=\"\" aria-describedby=\"gallery-2-5014\" srcset=\"https:\/\/www.inesmedina.com\/wp-content\/uploads\/2018\/07\/07-10-1-55x300.jpg 55w, https:\/\/www.inesmedina.com\/wp-content\/uploads\/2018\/07\/07-10-1.jpg 147w\" sizes=\"auto, (max-width: 55px) 100vw, 55px\" \/><\/a>\n\t\t\t<\/dt>\n\t\t\t\t<dd class='wp-caption-text gallery-caption' id='gallery-2-5014'>\n\t\t\t\t07-09\n\t\t\t\t<\/dd><\/dl><br style=\"clear: both\" \/><dl class='gallery-item'>\n\t\t\t<dt class='gallery-icon portrait'>\n\t\t\t\t<a href='https:\/\/www.inesmedina.com\/wp-content\/uploads\/2018\/07\/07-13.jpg'><img loading=\"lazy\" decoding=\"async\" width=\"214\" height=\"300\" src=\"https:\/\/www.inesmedina.com\/wp-content\/uploads\/2018\/07\/07-13-214x300.jpg\" class=\"attachment-medium size-medium\" alt=\"\" aria-describedby=\"gallery-2-5017\" srcset=\"https:\/\/www.inesmedina.com\/wp-content\/uploads\/2018\/07\/07-13-214x300.jpg 214w, https:\/\/www.inesmedina.com\/wp-content\/uploads\/2018\/07\/07-13.jpg 570w\" sizes=\"auto, (max-width: 214px) 100vw, 214px\" \/><\/a>\n\t\t\t<\/dt>\n\t\t\t\t<dd class='wp-caption-text gallery-caption' id='gallery-2-5017'>\n\t\t\t\t07-10\n\t\t\t\t<\/dd><\/dl><dl class='gallery-item'>\n\t\t\t<dt class='gallery-icon portrait'>\n\t\t\t\t<a href='https:\/\/www.inesmedina.com\/wp-content\/uploads\/2018\/07\/07-14.jpg'><img loading=\"lazy\" decoding=\"async\" width=\"224\" height=\"300\" src=\"https:\/\/www.inesmedina.com\/wp-content\/uploads\/2018\/07\/07-14-224x300.jpg\" class=\"attachment-medium size-medium\" alt=\"\" aria-describedby=\"gallery-2-5018\" srcset=\"https:\/\/www.inesmedina.com\/wp-content\/uploads\/2018\/07\/07-14-224x300.jpg 224w, https:\/\/www.inesmedina.com\/wp-content\/uploads\/2018\/07\/07-14.jpg 597w\" sizes=\"auto, (max-width: 224px) 100vw, 224px\" \/><\/a>\n\t\t\t<\/dt>\n\t\t\t\t<dd class='wp-caption-text gallery-caption' id='gallery-2-5018'>\n\t\t\t\t07-11\n\t\t\t\t<\/dd><\/dl><dl class='gallery-item'>\n\t\t\t<dt class='gallery-icon landscape'>\n\t\t\t\t<a href='https:\/\/www.inesmedina.com\/wp-content\/uploads\/2018\/07\/07-15.jpg'><img loading=\"lazy\" decoding=\"async\" width=\"300\" height=\"149\" src=\"https:\/\/www.inesmedina.com\/wp-content\/uploads\/2018\/07\/07-15-300x149.jpg\" class=\"attachment-medium size-medium\" alt=\"\" aria-describedby=\"gallery-2-5019\" srcset=\"https:\/\/www.inesmedina.com\/wp-content\/uploads\/2018\/07\/07-15-300x149.jpg 300w, https:\/\/www.inesmedina.com\/wp-content\/uploads\/2018\/07\/07-15-768x380.jpg 768w, https:\/\/www.inesmedina.com\/wp-content\/uploads\/2018\/07\/07-15.jpg 800w, https:\/\/www.inesmedina.com\/wp-content\/uploads\/2018\/07\/07-15-700x347.jpg 700w\" sizes=\"auto, (max-width: 300px) 100vw, 300px\" \/><\/a>\n\t\t\t<\/dt>\n\t\t\t\t<dd class='wp-caption-text gallery-caption' id='gallery-2-5019'>\n\t\t\t\t07-12\n\t\t\t\t<\/dd><\/dl><br style=\"clear: both\" \/><dl class='gallery-item'>\n\t\t\t<dt class='gallery-icon landscape'>\n\t\t\t\t<a href='https:\/\/www.inesmedina.com\/wp-content\/uploads\/2018\/07\/07-07-1.jpg'><img loading=\"lazy\" decoding=\"async\" width=\"300\" height=\"191\" src=\"https:\/\/www.inesmedina.com\/wp-content\/uploads\/2018\/07\/07-07-1-300x191.jpg\" class=\"attachment-medium size-medium\" alt=\"\" aria-describedby=\"gallery-2-5011\" srcset=\"https:\/\/www.inesmedina.com\/wp-content\/uploads\/2018\/07\/07-07-1-300x191.jpg 300w, https:\/\/www.inesmedina.com\/wp-content\/uploads\/2018\/07\/07-07-1-768x488.jpg 768w, https:\/\/www.inesmedina.com\/wp-content\/uploads\/2018\/07\/07-07-1.jpg 800w, https:\/\/www.inesmedina.com\/wp-content\/uploads\/2018\/07\/07-07-1-700x445.jpg 700w\" sizes=\"auto, (max-width: 300px) 100vw, 300px\" \/><\/a>\n\t\t\t<\/dt>\n\t\t\t\t<dd class='wp-caption-text gallery-caption' id='gallery-2-5011'>\n\t\t\t\t07-13\n\t\t\t\t<\/dd><\/dl><dl class='gallery-item'>\n\t\t\t<dt class='gallery-icon portrait'>\n\t\t\t\t<a href='https:\/\/www.inesmedina.com\/wp-content\/uploads\/2018\/07\/07-12-1.jpg'><img loading=\"lazy\" decoding=\"async\" width=\"244\" height=\"300\" src=\"https:\/\/www.inesmedina.com\/wp-content\/uploads\/2018\/07\/07-12-1-244x300.jpg\" class=\"attachment-medium size-medium\" alt=\"\" aria-describedby=\"gallery-2-5016\" srcset=\"https:\/\/www.inesmedina.com\/wp-content\/uploads\/2018\/07\/07-12-1-244x300.jpg 244w, https:\/\/www.inesmedina.com\/wp-content\/uploads\/2018\/07\/07-12-1.jpg 651w\" sizes=\"auto, (max-width: 244px) 100vw, 244px\" \/><\/a>\n\t\t\t<\/dt>\n\t\t\t\t<dd class='wp-caption-text gallery-caption' id='gallery-2-5016'>\n\t\t\t\t07-14\n\t\t\t\t<\/dd><\/dl><dl class='gallery-item'>\n\t\t\t<dt class='gallery-icon portrait'>\n\t\t\t\t<a href='https:\/\/www.inesmedina.com\/wp-content\/uploads\/2018\/07\/07-11-1.jpg'><img loading=\"lazy\" decoding=\"async\" width=\"242\" height=\"300\" src=\"https:\/\/www.inesmedina.com\/wp-content\/uploads\/2018\/07\/07-11-1-242x300.jpg\" class=\"attachment-medium size-medium\" alt=\"\" aria-describedby=\"gallery-2-5015\" srcset=\"https:\/\/www.inesmedina.com\/wp-content\/uploads\/2018\/07\/07-11-1-242x300.jpg 242w, https:\/\/www.inesmedina.com\/wp-content\/uploads\/2018\/07\/07-11-1.jpg 646w\" sizes=\"auto, (max-width: 242px) 100vw, 242px\" \/><\/a>\n\t\t\t<\/dt>\n\t\t\t\t<dd class='wp-caption-text gallery-caption' id='gallery-2-5015'>\n\t\t\t\t07-15\n\t\t\t\t<\/dd><\/dl><br style=\"clear: both\" \/>\n\t\t<\/div>\n\n<p>Serie 07: De los l\u00edmites y sus productos. La forja del alma, 1991-1992<\/p>\n<p>Esta serie se vi\u00f3 influenciada por mi primer viaje a Nueva York. Simplifi cando a\u00fan m\u00e1s los elementos formales a utilizar, me qued\u00e9 s\u00f3lo con el color negro y el blanco de la tela, y con la enorme sensibilidad y destreza adquirida en uso de la medida de los planos para construir im\u00e1genes tridimensionales puras, durante las investigaciones de la serie anterior, en Imagen Potencial, cre\u00e9 un cuadro fundamental, un patr\u00f3n, al que titule La Lente y con \u00e9l, fui creando innumerables im\u00e1genes en blanco y negro, primero en ordenador, pasando algunas de ellas a soportes de madera y tela.<\/p>\n<p>Con esta serie se realiz\u00f3 una exposici\u00f3n en la Sala de Exposiciones de Basauri en 1992. La dedicaba a mis dos hijas Ainhoa y Johanna y, en este caso, la presentaba con este escrito:<\/p>\n<p><em>El reino de la justicia en el alma consiste, pues, en el orden jer\u00e1rquico y la subordinaci\u00f3n de sus partes entre s\u00ed, subordinaci\u00f3n que asegura la armon\u00eda y la perfecci\u00f3n del todo. En efecto: en el alma justa, es la raz\u00f3n, lo que gobierna, decide y manda a la parte \u201cirascible\u201d y apasionada, y es \u00e9sta la que al ejecutar \u2013por decirlo as\u00ed\u2013 los mandatos de la raz\u00f3n doblega la parte desiderativa y apetitiva a sus decisiones. No es otra cosa la justicia, y tal es la causa por la que es tambi\u00e9n la salud del alma (no solamente en el sentido fi gurado en que hablamos de salud moral, sino tambi\u00e9n en el sentido m\u00e1s estricto y literal). E, inversamente, la injusticia que consiste en el desorden y la perversi\u00f3n de la jerarqu\u00eda natural es la enfermedad del alma.<\/em> PLAT\u00d3N<\/p>\n<p>&nbsp;<\/p>\n<p align=\"justify\">\n","protected":false},"excerpt":{"rendered":"<p>Serie 07: De los l\u00edmites y sus productos. La forja del alma, 1991-1992 Esta serie se vi\u00f3 influenciada por mi primer viaje a Nueva York. Simplifi cando a\u00fan m\u00e1s los elementos formales a utilizar, me qued\u00e9 s\u00f3lo con el color negro y el blanco de&#8230;<\/p>\n","protected":false},"author":2,"featured_media":0,"parent":4859,"menu_order":0,"comment_status":"open","ping_status":"open","template":"","meta":{"footnotes":""},"class_list":["post-5003","page","type-page","status-publish","hentry"],"_links":{"self":[{"href":"https:\/\/www.inesmedina.com\/es\/wp-json\/wp\/v2\/pages\/5003","targetHints":{"allow":["GET"]}}],"collection":[{"href":"https:\/\/www.inesmedina.com\/es\/wp-json\/wp\/v2\/pages"}],"about":[{"href":"https:\/\/www.inesmedina.com\/es\/wp-json\/wp\/v2\/types\/page"}],"author":[{"embeddable":true,"href":"https:\/\/www.inesmedina.com\/es\/wp-json\/wp\/v2\/users\/2"}],"replies":[{"embeddable":true,"href":"https:\/\/www.inesmedina.com\/es\/wp-json\/wp\/v2\/comments?post=5003"}],"version-history":[{"count":3,"href":"https:\/\/www.inesmedina.com\/es\/wp-json\/wp\/v2\/pages\/5003\/revisions"}],"predecessor-version":[{"id":5819,"href":"https:\/\/www.inesmedina.com\/es\/wp-json\/wp\/v2\/pages\/5003\/revisions\/5819"}],"up":[{"embeddable":true,"href":"https:\/\/www.inesmedina.com\/es\/wp-json\/wp\/v2\/pages\/4859"}],"wp:attachment":[{"href":"https:\/\/www.inesmedina.com\/es\/wp-json\/wp\/v2\/media?parent=5003"}],"curies":[{"name":"wp","href":"https:\/\/api.w.org\/{rel}","templated":true}]}}