{"id":5053,"date":"2018-11-04T06:57:09","date_gmt":"2018-11-04T06:57:09","guid":{"rendered":"http:\/\/www.inesmedina.com\/?page_id=5053"},"modified":"2018-11-05T13:56:13","modified_gmt":"2018-11-05T13:56:13","slug":"series-10a-belonging-difference-and-pure-energy-1996-1999","status":"publish","type":"page","link":"https:\/\/www.inesmedina.com\/es\/las-21-series-de-la-investigacion-artistica-el-concepto-de-division\/series-10a-belonging-difference-and-pure-energy-1996-1999\/","title":{"rendered":"Serie 10a: Pertenencia, Diferencia y Pura Energ\u00eda, 1996-1999"},"content":{"rendered":"<section class=\"wpb-content-wrapper\"><p>[vc_row css_animation=\u00bb\u00bb row_type=\u00bbrow\u00bb use_row_as_full_screen_section=\u00bbno\u00bb type=\u00bbfull_width\u00bb angled_section=\u00bbno\u00bb text_align=\u00bbleft\u00bb background_image_as_pattern=\u00bbwithout_pattern\u00bb css=\u00bb.vc_custom_1516014961544{margin-top: -25px !important;}\u00bb z_index=\u00bb\u00bb][vc_column][vc_column_text]<\/p>\n\n\t\t<style type=\"text\/css\">\n\t\t\t#gallery-2 {\n\t\t\t\tmargin: auto;\n\t\t\t}\n\t\t\t#gallery-2 .gallery-item {\n\t\t\t\tfloat: left;\n\t\t\t\tmargin-top: 10px;\n\t\t\t\ttext-align: center;\n\t\t\t\twidth: 33%;\n\t\t\t}\n\t\t\t#gallery-2 img {\n\t\t\t\tborder: 2px solid #cfcfcf;\n\t\t\t}\n\t\t\t#gallery-2 .gallery-caption {\n\t\t\t\tmargin-left: 0;\n\t\t\t}\n\t\t\t\/* see gallery_shortcode() in wp-includes\/media.php *\/\n\t\t<\/style>\n\t\t<div id='gallery-2' class='gallery galleryid-5053 gallery-columns-3 gallery-size-full'><dl class='gallery-item'>\n\t\t\t<dt class='gallery-icon landscape'>\n\t\t\t\t<a href='https:\/\/www.inesmedina.com\/wp-content\/uploads\/2018\/07\/10-03.jpg'><img loading=\"lazy\" decoding=\"async\" width=\"800\" height=\"560\" src=\"https:\/\/www.inesmedina.com\/wp-content\/uploads\/2018\/07\/10-03.jpg\" class=\"attachment-full size-full\" alt=\"\" aria-describedby=\"gallery-2-5057\" srcset=\"https:\/\/www.inesmedina.com\/wp-content\/uploads\/2018\/07\/10-03.jpg 800w, https:\/\/www.inesmedina.com\/wp-content\/uploads\/2018\/07\/10-03-300x210.jpg 300w, https:\/\/www.inesmedina.com\/wp-content\/uploads\/2018\/07\/10-03-768x538.jpg 768w, https:\/\/www.inesmedina.com\/wp-content\/uploads\/2018\/07\/10-03-700x490.jpg 700w\" sizes=\"auto, (max-width: 800px) 100vw, 800px\" \/><\/a>\n\t\t\t<\/dt>\n\t\t\t\t<dd class='wp-caption-text gallery-caption' id='gallery-2-5057'>\n\t\t\t\t10a-01\n\t\t\t\t<\/dd><\/dl><dl class='gallery-item'>\n\t\t\t<dt class='gallery-icon landscape'>\n\t\t\t\t<a href='https:\/\/www.inesmedina.com\/wp-content\/uploads\/2018\/07\/10-02.jpg'><img loading=\"lazy\" decoding=\"async\" width=\"800\" height=\"500\" src=\"https:\/\/www.inesmedina.com\/wp-content\/uploads\/2018\/07\/10-02.jpg\" class=\"attachment-full size-full\" alt=\"\" aria-describedby=\"gallery-2-5056\" srcset=\"https:\/\/www.inesmedina.com\/wp-content\/uploads\/2018\/07\/10-02.jpg 800w, https:\/\/www.inesmedina.com\/wp-content\/uploads\/2018\/07\/10-02-300x188.jpg 300w, https:\/\/www.inesmedina.com\/wp-content\/uploads\/2018\/07\/10-02-768x480.jpg 768w, https:\/\/www.inesmedina.com\/wp-content\/uploads\/2018\/07\/10-02-700x438.jpg 700w\" sizes=\"auto, (max-width: 800px) 100vw, 800px\" \/><\/a>\n\t\t\t<\/dt>\n\t\t\t\t<dd class='wp-caption-text gallery-caption' id='gallery-2-5056'>\n\t\t\t\t10a-02\n\t\t\t\t<\/dd><\/dl><dl class='gallery-item'>\n\t\t\t<dt class='gallery-icon landscape'>\n\t\t\t\t<a href='https:\/\/www.inesmedina.com\/wp-content\/uploads\/2018\/07\/10-04.jpg'><img loading=\"lazy\" decoding=\"async\" width=\"800\" height=\"500\" src=\"https:\/\/www.inesmedina.com\/wp-content\/uploads\/2018\/07\/10-04.jpg\" class=\"attachment-full size-full\" alt=\"\" aria-describedby=\"gallery-2-5058\" srcset=\"https:\/\/www.inesmedina.com\/wp-content\/uploads\/2018\/07\/10-04.jpg 800w, https:\/\/www.inesmedina.com\/wp-content\/uploads\/2018\/07\/10-04-300x188.jpg 300w, https:\/\/www.inesmedina.com\/wp-content\/uploads\/2018\/07\/10-04-768x480.jpg 768w, https:\/\/www.inesmedina.com\/wp-content\/uploads\/2018\/07\/10-04-700x438.jpg 700w\" sizes=\"auto, (max-width: 800px) 100vw, 800px\" \/><\/a>\n\t\t\t<\/dt>\n\t\t\t\t<dd class='wp-caption-text gallery-caption' id='gallery-2-5058'>\n\t\t\t\t10a-03\n\t\t\t\t<\/dd><\/dl><br style=\"clear: both\" \/><dl class='gallery-item'>\n\t\t\t<dt class='gallery-icon landscape'>\n\t\t\t\t<a href='https:\/\/www.inesmedina.com\/wp-content\/uploads\/2018\/07\/10-07-1.jpg'><img loading=\"lazy\" decoding=\"async\" width=\"800\" height=\"555\" src=\"https:\/\/www.inesmedina.com\/wp-content\/uploads\/2018\/07\/10-07-1.jpg\" class=\"attachment-full size-full\" alt=\"\" aria-describedby=\"gallery-2-5067\" srcset=\"https:\/\/www.inesmedina.com\/wp-content\/uploads\/2018\/07\/10-07-1.jpg 800w, https:\/\/www.inesmedina.com\/wp-content\/uploads\/2018\/07\/10-07-1-300x208.jpg 300w, https:\/\/www.inesmedina.com\/wp-content\/uploads\/2018\/07\/10-07-1-768x533.jpg 768w, https:\/\/www.inesmedina.com\/wp-content\/uploads\/2018\/07\/10-07-1-700x486.jpg 700w\" sizes=\"auto, (max-width: 800px) 100vw, 800px\" \/><\/a>\n\t\t\t<\/dt>\n\t\t\t\t<dd class='wp-caption-text gallery-caption' id='gallery-2-5067'>\n\t\t\t\t10a-04\n\t\t\t\t<\/dd><\/dl><dl class='gallery-item'>\n\t\t\t<dt class='gallery-icon landscape'>\n\t\t\t\t<a href='https:\/\/www.inesmedina.com\/wp-content\/uploads\/2018\/07\/10-05.jpg'><img loading=\"lazy\" decoding=\"async\" width=\"800\" height=\"413\" src=\"https:\/\/www.inesmedina.com\/wp-content\/uploads\/2018\/07\/10-05.jpg\" class=\"attachment-full size-full\" alt=\"\" aria-describedby=\"gallery-2-5059\" srcset=\"https:\/\/www.inesmedina.com\/wp-content\/uploads\/2018\/07\/10-05.jpg 800w, https:\/\/www.inesmedina.com\/wp-content\/uploads\/2018\/07\/10-05-300x155.jpg 300w, https:\/\/www.inesmedina.com\/wp-content\/uploads\/2018\/07\/10-05-768x396.jpg 768w, https:\/\/www.inesmedina.com\/wp-content\/uploads\/2018\/07\/10-05-700x361.jpg 700w\" sizes=\"auto, (max-width: 800px) 100vw, 800px\" \/><\/a>\n\t\t\t<\/dt>\n\t\t\t\t<dd class='wp-caption-text gallery-caption' id='gallery-2-5059'>\n\t\t\t\t10a-05\n\t\t\t\t<\/dd><\/dl><dl class='gallery-item'>\n\t\t\t<dt class='gallery-icon landscape'>\n\t\t\t\t<a href='https:\/\/www.inesmedina.com\/wp-content\/uploads\/2018\/07\/10-06.jpg'><img loading=\"lazy\" decoding=\"async\" width=\"800\" height=\"500\" src=\"https:\/\/www.inesmedina.com\/wp-content\/uploads\/2018\/07\/10-06.jpg\" class=\"attachment-full size-full\" alt=\"\" aria-describedby=\"gallery-2-5060\" srcset=\"https:\/\/www.inesmedina.com\/wp-content\/uploads\/2018\/07\/10-06.jpg 800w, https:\/\/www.inesmedina.com\/wp-content\/uploads\/2018\/07\/10-06-300x188.jpg 300w, https:\/\/www.inesmedina.com\/wp-content\/uploads\/2018\/07\/10-06-768x480.jpg 768w, https:\/\/www.inesmedina.com\/wp-content\/uploads\/2018\/07\/10-06-700x438.jpg 700w\" sizes=\"auto, (max-width: 800px) 100vw, 800px\" \/><\/a>\n\t\t\t<\/dt>\n\t\t\t\t<dd class='wp-caption-text gallery-caption' id='gallery-2-5060'>\n\t\t\t\t10a-06\n\t\t\t\t<\/dd><\/dl><br style=\"clear: both\" \/><dl class='gallery-item'>\n\t\t\t<dt class='gallery-icon landscape'>\n\t\t\t\t<a href='https:\/\/www.inesmedina.com\/wp-content\/uploads\/2018\/07\/10-08.jpg'><img loading=\"lazy\" decoding=\"async\" width=\"800\" height=\"500\" src=\"https:\/\/www.inesmedina.com\/wp-content\/uploads\/2018\/07\/10-08.jpg\" class=\"attachment-full size-full\" alt=\"\" aria-describedby=\"gallery-2-5061\" srcset=\"https:\/\/www.inesmedina.com\/wp-content\/uploads\/2018\/07\/10-08.jpg 800w, https:\/\/www.inesmedina.com\/wp-content\/uploads\/2018\/07\/10-08-300x188.jpg 300w, https:\/\/www.inesmedina.com\/wp-content\/uploads\/2018\/07\/10-08-768x480.jpg 768w, https:\/\/www.inesmedina.com\/wp-content\/uploads\/2018\/07\/10-08-700x438.jpg 700w\" sizes=\"auto, (max-width: 800px) 100vw, 800px\" \/><\/a>\n\t\t\t<\/dt>\n\t\t\t\t<dd class='wp-caption-text gallery-caption' id='gallery-2-5061'>\n\t\t\t\t10a-07\n\t\t\t\t<\/dd><\/dl><dl class='gallery-item'>\n\t\t\t<dt class='gallery-icon portrait'>\n\t\t\t\t<a href='https:\/\/www.inesmedina.com\/wp-content\/uploads\/2018\/07\/10-09.jpg'><img loading=\"lazy\" decoding=\"async\" width=\"700\" height=\"800\" src=\"https:\/\/www.inesmedina.com\/wp-content\/uploads\/2018\/07\/10-09.jpg\" class=\"attachment-full size-full\" alt=\"\" aria-describedby=\"gallery-2-5062\" srcset=\"https:\/\/www.inesmedina.com\/wp-content\/uploads\/2018\/07\/10-09.jpg 700w, https:\/\/www.inesmedina.com\/wp-content\/uploads\/2018\/07\/10-09-263x300.jpg 263w\" sizes=\"auto, (max-width: 700px) 100vw, 700px\" \/><\/a>\n\t\t\t<\/dt>\n\t\t\t\t<dd class='wp-caption-text gallery-caption' id='gallery-2-5062'>\n\t\t\t\t10a-08\n\t\t\t\t<\/dd><\/dl><dl class='gallery-item'>\n\t\t\t<dt class='gallery-icon landscape'>\n\t\t\t\t<a href='https:\/\/www.inesmedina.com\/wp-content\/uploads\/2018\/07\/10-01.jpg'><img loading=\"lazy\" decoding=\"async\" width=\"800\" height=\"500\" src=\"https:\/\/www.inesmedina.com\/wp-content\/uploads\/2018\/07\/10-01.jpg\" class=\"attachment-full size-full\" alt=\"\" aria-describedby=\"gallery-2-5055\" srcset=\"https:\/\/www.inesmedina.com\/wp-content\/uploads\/2018\/07\/10-01.jpg 800w, https:\/\/www.inesmedina.com\/wp-content\/uploads\/2018\/07\/10-01-300x188.jpg 300w, https:\/\/www.inesmedina.com\/wp-content\/uploads\/2018\/07\/10-01-768x480.jpg 768w, https:\/\/www.inesmedina.com\/wp-content\/uploads\/2018\/07\/10-01-700x438.jpg 700w\" sizes=\"auto, (max-width: 800px) 100vw, 800px\" \/><\/a>\n\t\t\t<\/dt>\n\t\t\t\t<dd class='wp-caption-text gallery-caption' id='gallery-2-5055'>\n\t\t\t\t10a-09\n\t\t\t\t<\/dd><\/dl><br style=\"clear: both\" \/><dl class='gallery-item'>\n\t\t\t<dt class='gallery-icon landscape'>\n\t\t\t\t<a href='https:\/\/www.inesmedina.com\/wp-content\/uploads\/2018\/07\/10-11.jpg'><img loading=\"lazy\" decoding=\"async\" width=\"800\" height=\"509\" src=\"https:\/\/www.inesmedina.com\/wp-content\/uploads\/2018\/07\/10-11.jpg\" class=\"attachment-full size-full\" alt=\"\" aria-describedby=\"gallery-2-5063\" srcset=\"https:\/\/www.inesmedina.com\/wp-content\/uploads\/2018\/07\/10-11.jpg 800w, https:\/\/www.inesmedina.com\/wp-content\/uploads\/2018\/07\/10-11-300x191.jpg 300w, https:\/\/www.inesmedina.com\/wp-content\/uploads\/2018\/07\/10-11-768x489.jpg 768w, https:\/\/www.inesmedina.com\/wp-content\/uploads\/2018\/07\/10-11-700x445.jpg 700w\" sizes=\"auto, (max-width: 800px) 100vw, 800px\" \/><\/a>\n\t\t\t<\/dt>\n\t\t\t\t<dd class='wp-caption-text gallery-caption' id='gallery-2-5063'>\n\t\t\t\t10a-10\n\t\t\t\t<\/dd><\/dl><dl class='gallery-item'>\n\t\t\t<dt class='gallery-icon landscape'>\n\t\t\t\t<a href='https:\/\/www.inesmedina.com\/wp-content\/uploads\/2018\/07\/10-14.jpg'><img loading=\"lazy\" decoding=\"async\" width=\"800\" height=\"500\" src=\"https:\/\/www.inesmedina.com\/wp-content\/uploads\/2018\/07\/10-14.jpg\" class=\"attachment-full size-full\" alt=\"\" aria-describedby=\"gallery-2-5066\" srcset=\"https:\/\/www.inesmedina.com\/wp-content\/uploads\/2018\/07\/10-14.jpg 800w, https:\/\/www.inesmedina.com\/wp-content\/uploads\/2018\/07\/10-14-300x188.jpg 300w, https:\/\/www.inesmedina.com\/wp-content\/uploads\/2018\/07\/10-14-768x480.jpg 768w, https:\/\/www.inesmedina.com\/wp-content\/uploads\/2018\/07\/10-14-700x438.jpg 700w\" sizes=\"auto, (max-width: 800px) 100vw, 800px\" \/><\/a>\n\t\t\t<\/dt>\n\t\t\t\t<dd class='wp-caption-text gallery-caption' id='gallery-2-5066'>\n\t\t\t\t10a-11\n\t\t\t\t<\/dd><\/dl><dl class='gallery-item'>\n\t\t\t<dt class='gallery-icon landscape'>\n\t\t\t\t<a href='https:\/\/www.inesmedina.com\/wp-content\/uploads\/2018\/07\/10-13.jpg'><img loading=\"lazy\" decoding=\"async\" width=\"800\" height=\"560\" src=\"https:\/\/www.inesmedina.com\/wp-content\/uploads\/2018\/07\/10-13.jpg\" class=\"attachment-full size-full\" alt=\"\" aria-describedby=\"gallery-2-5065\" srcset=\"https:\/\/www.inesmedina.com\/wp-content\/uploads\/2018\/07\/10-13.jpg 800w, https:\/\/www.inesmedina.com\/wp-content\/uploads\/2018\/07\/10-13-300x210.jpg 300w, https:\/\/www.inesmedina.com\/wp-content\/uploads\/2018\/07\/10-13-768x538.jpg 768w, https:\/\/www.inesmedina.com\/wp-content\/uploads\/2018\/07\/10-13-700x490.jpg 700w\" sizes=\"auto, (max-width: 800px) 100vw, 800px\" \/><\/a>\n\t\t\t<\/dt>\n\t\t\t\t<dd class='wp-caption-text gallery-caption' id='gallery-2-5065'>\n\t\t\t\t10a-12\n\t\t\t\t<\/dd><\/dl><br style=\"clear: both\" \/><dl class='gallery-item'>\n\t\t\t<dt class='gallery-icon landscape'>\n\t\t\t\t<a href='https:\/\/www.inesmedina.com\/wp-content\/uploads\/2018\/07\/10-12.jpg'><img loading=\"lazy\" decoding=\"async\" width=\"800\" height=\"500\" src=\"https:\/\/www.inesmedina.com\/wp-content\/uploads\/2018\/07\/10-12.jpg\" class=\"attachment-full size-full\" alt=\"\" aria-describedby=\"gallery-2-5064\" srcset=\"https:\/\/www.inesmedina.com\/wp-content\/uploads\/2018\/07\/10-12.jpg 800w, https:\/\/www.inesmedina.com\/wp-content\/uploads\/2018\/07\/10-12-300x188.jpg 300w, https:\/\/www.inesmedina.com\/wp-content\/uploads\/2018\/07\/10-12-768x480.jpg 768w, https:\/\/www.inesmedina.com\/wp-content\/uploads\/2018\/07\/10-12-700x438.jpg 700w\" sizes=\"auto, (max-width: 800px) 100vw, 800px\" \/><\/a>\n\t\t\t<\/dt>\n\t\t\t\t<dd class='wp-caption-text gallery-caption' id='gallery-2-5064'>\n\t\t\t\t10a-13\n\t\t\t\t<\/dd><\/dl>\n\t\t\t<br style='clear: both' \/>\n\t\t<\/div>\n\n<p>[\/vc_column_text][\/vc_column][\/vc_row][vc_row css_animation=\u00bb\u00bb row_type=\u00bbrow\u00bb use_row_as_full_screen_section=\u00bbno\u00bb type=\u00bbfull_width\u00bb angled_section=\u00bbno\u00bb text_align=\u00bbleft\u00bb background_image_as_pattern=\u00bbwithout_pattern\u00bb][vc_column][vc_column_text]<\/p>\n<p align=\"justify\">Serie 10a: Pertenencia, Diferencia y Pura Energ\u00eda, 1996-1999<\/p>\n<p align=\"justify\">Se presentaban y exhib\u00edan juntas aqu\u00ed en Nueva York las series 10a como la 10b, El statement que las defi n\u00eda dec\u00eda as\u00ed: \u201cLa muestra que presento, con el t\u00edtulo global de Expresiones desde la Unifi caci\u00f3n, puede considerarse, por un lado, continuaci\u00f3n de la anterior, que lo es, pero \u00e9sta est\u00e1 realizada desde otro plano en el que ya ha sido realizada la interiorizaci\u00f3n de los contrarios y todos sus l\u00edmites y divisiones (toda la investigaci\u00f3n geom\u00e9trica anterior 1984-1995).<\/p>\n<p align=\"justify\">Este nuevo proyecto de Expresiones desde la Unifi caci\u00f3n fue iniciado aqu\u00ed en New York en 1996 y desde \u00e9l pretendo crear im\u00e1genes que expresen identidades completas en s\u00ed mismas, por la asimilaci\u00f3n de los conceptos de:<\/p>\n<p style=\"padding-left: 30px;\" align=\"justify\">&#8211; Pertenencia<\/p>\n<p style=\"padding-left: 30px;\" align=\"justify\">&#8211; Conciencia de la Diferencia<\/p>\n<p style=\"padding-left: 30px;\" align=\"justify\">&#8211; Energ\u00eda Pl\u00e1stica Pura<\/p>\n<p align=\"justify\">Mi hip\u00f3tesis es que, <strong>desde la unificaci\u00f3n<\/strong> quiz\u00e1 sea posible ir entrando, ir comprendiendo, <strong>la estructura misma de la creaci\u00f3n<\/strong>.<\/p>\n<p align=\"justify\">La obra est\u00e1 realizada toda ella en ordenador e impresa en distintos m\u00e9todos de impresi\u00f3n digital, en variados formatos y materiales. Las calidades t\u00e9cnicas de estos actuales m\u00e9todos de impresi\u00f3n, dan al resultado fi nal de esta obra, la m\u00e1s coherente de las presentaciones, dado su origen: el ordenador, su compleja elaboraci\u00f3n y sofi sticada creaci\u00f3n.<\/p>\n<p align=\"justify\">New York, Febrero 1997.<\/p>\n<p>[\/vc_column_text][\/vc_column][\/vc_row]<\/p>\n<\/section>","protected":false},"excerpt":{"rendered":"<p>[vc_row css_animation=\u00bb\u00bb row_type=\u00bbrow\u00bb use_row_as_full_screen_section=\u00bbno\u00bb type=\u00bbfull_width\u00bb angled_section=\u00bbno\u00bb text_align=\u00bbleft\u00bb background_image_as_pattern=\u00bbwithout_pattern\u00bb css=\u00bb.vc_custom_1516014961544{margin-top: -25px !important;}\u00bb z_index=\u00bb\u00bb][vc_column][vc_column_text] [\/vc_column_text][\/vc_column][\/vc_row][vc_row css_animation=\u00bb\u00bb row_type=\u00bbrow\u00bb use_row_as_full_screen_section=\u00bbno\u00bb type=\u00bbfull_width\u00bb angled_section=\u00bbno\u00bb text_align=\u00bbleft\u00bb background_image_as_pattern=\u00bbwithout_pattern\u00bb][vc_column][vc_column_text] Serie 10a: Pertenencia, Diferencia y Pura Energ\u00eda, 1996-1999 Se presentaban y exhib\u00edan juntas aqu\u00ed en Nueva York las series 10a como la 10b, El statement&#8230;<\/p>\n","protected":false},"author":2,"featured_media":0,"parent":4859,"menu_order":0,"comment_status":"open","ping_status":"open","template":"","meta":{"footnotes":""},"class_list":["post-5053","page","type-page","status-publish","hentry"],"_links":{"self":[{"href":"https:\/\/www.inesmedina.com\/es\/wp-json\/wp\/v2\/pages\/5053","targetHints":{"allow":["GET"]}}],"collection":[{"href":"https:\/\/www.inesmedina.com\/es\/wp-json\/wp\/v2\/pages"}],"about":[{"href":"https:\/\/www.inesmedina.com\/es\/wp-json\/wp\/v2\/types\/page"}],"author":[{"embeddable":true,"href":"https:\/\/www.inesmedina.com\/es\/wp-json\/wp\/v2\/users\/2"}],"replies":[{"embeddable":true,"href":"https:\/\/www.inesmedina.com\/es\/wp-json\/wp\/v2\/comments?post=5053"}],"version-history":[{"count":4,"href":"https:\/\/www.inesmedina.com\/es\/wp-json\/wp\/v2\/pages\/5053\/revisions"}],"predecessor-version":[{"id":5832,"href":"https:\/\/www.inesmedina.com\/es\/wp-json\/wp\/v2\/pages\/5053\/revisions\/5832"}],"up":[{"embeddable":true,"href":"https:\/\/www.inesmedina.com\/es\/wp-json\/wp\/v2\/pages\/4859"}],"wp:attachment":[{"href":"https:\/\/www.inesmedina.com\/es\/wp-json\/wp\/v2\/media?parent=5053"}],"curies":[{"name":"wp","href":"https:\/\/api.w.org\/{rel}","templated":true}]}}